{"id":6229,"date":"2021-06-04T07:55:38","date_gmt":"2021-06-04T07:55:38","guid":{"rendered":"https:\/\/www.swecobelgium.be\/?page_id=6229"},"modified":"2025-11-07T11:10:12","modified_gmt":"2025-11-07T10:10:12","slug":"historique","status":"publish","type":"page","link":"https:\/\/www.swecobelgium.be\/fr\/nous-sommes-sweco\/historique\/","title":{"rendered":"Historique"},"content":{"rendered":"<section class=\"block page-intro page-intro--big page-intro--bg\" >\n\t\t\t<div class=\"page-intro__layout\" >\n\t\t\t<img width=\"1680\" height=\"560\" src=\"https:\/\/www.swecobelgium.be\/wp-content\/uploads\/sites\/12\/2021\/06\/Annual-report-cover-2016_with-more-sky.jpg\" class=\"page-intro__bg-img\" alt=\"\" fetchpriority=\"high\" decoding=\"async\" sizes=\"(max-width: 767px) 1080px, 1920px\" srcset=\"https:\/\/www.swecobelgium.be\/wp-content\/uploads\/sites\/12\/2021\/06\/Annual-report-cover-2016_with-more-sky.jpg 1680w, https:\/\/www.swecobelgium.be\/wp-content\/uploads\/sites\/12\/2021\/06\/Annual-report-cover-2016_with-more-sky-200x67.jpg 200w, https:\/\/www.swecobelgium.be\/wp-content\/uploads\/sites\/12\/2021\/06\/Annual-report-cover-2016_with-more-sky-768x256.jpg 768w, https:\/\/www.swecobelgium.be\/wp-content\/uploads\/sites\/12\/2021\/06\/Annual-report-cover-2016_with-more-sky-1536x512.jpg 1536w, https:\/\/www.swecobelgium.be\/wp-content\/uploads\/sites\/12\/2021\/06\/Annual-report-cover-2016_with-more-sky-520x173.jpg 520w, https:\/\/www.swecobelgium.be\/wp-content\/uploads\/sites\/12\/2021\/06\/Annual-report-cover-2016_with-more-sky-800x267.jpg 800w, https:\/\/www.swecobelgium.be\/wp-content\/uploads\/sites\/12\/2021\/06\/Annual-report-cover-2016_with-more-sky-900x300.jpg 900w\" \/>\t\t\t<div class=\"block__inner page-intro__inner page-intro__inner--top\">\n\t\t\t\t<div class=\"col--11\">\n\t\t\t\t\t<div class=\"editor-content editor-content--white editor-content--top col--5\">\n\t\t\t\t\t\t<div class=\"editor-content__inner \">\n\t\t\t\t\t\t\t\t\t\t\t\t\t\t\t\t\t\t\t\t\t\t\t\t\t\t\t<\/div>\n\t\t\t\t\t<\/div>\n\t\t\t\t<\/div>\n\t\t\t<\/div>\n\t\t<\/div>\n\t\n\t\t\n\t\t<div class=\"block__inner page-intro__inner page-intro__inner--bottom \">\n\t\t<div class=\"editor-content editor-content--bottom col--6\">\n\t\t\t<div class=\"editor-content__inner\">\n\t\t\t\t\t\n\t\t\t\t<p>Notre histoire s\u2019articule autour de l&rsquo;avenir. Depuis toujours, nous mettons tout en \u0153uvre pour r\u00e9pondre aux besoins et aux d\u00e9fis de la soci\u00e9t\u00e9. De la r\u00e9volution industrielle \u00e0 la tendance actuelle d&rsquo;urbanisation mondiale, nous savons que les collectivit\u00e9s et les villes de demain seront toujours diff\u00e9rentes de celles d&rsquo;hier et qu&rsquo;il est de notre ressort de garder une longueur d&rsquo;avance.<\/p>\n\n\t\t\t\t\n\t\t\t\t\t\t\t<\/div>\n\t\t<\/div>\n\t<\/div>\n\t<\/section>\n\n<section class=\"block cb block--white\" >\n\t<div class=\"block__inner cb__inner cb__inner--title-block\">\n\t<div class=\"col--11 col--start col--wrapper editor-content\">\n\t\t\t\t\t<div class=\"col col--5\">\n\t\t\t\t<h1 class=\"h1 hyphenate\">L&rsquo;histoire de Sweco se fonde sur des ing\u00e9nieurs et des architectes qui travaillent partout dans le monde.<\/h1>\t\t\t<\/div>\n\t\t\n\t\t\t\t\t<div class=\"col col--4 push--1\">\n\t\t\t\t<p><p>Depuis notre cr\u00e9ation \u00e0 la fin du 19<sup>e\u00a0<\/sup>si\u00e8cle, ces professions ont \u00e9volu\u00e9 et sont maintenant essentielles pour r\u00e9pondre au d\u00e9veloppement urbain durable actuel.<\/p>\n<p>Sweco a commenc\u00e9 \u00e0 se d\u00e9velopper pour satisfaire les besoins des clients qui n\u00e9cessitaient une large gamme d&rsquo;expertise sp\u00e9cialis\u00e9e. Depuis le d\u00e9but des ann\u00e9es\u00a02000, Sweco a acquis pr\u00e8s de 100 entreprises.<\/p>\n<p>La capacit\u00e9 \u00e0 cro\u00eetre gr\u00e2ce \u00e0 des acquisitions a contribu\u00e9 \u00e0 la position dominante que nous occupons aujourd&rsquo;hui. Lors de la fusion avec d&rsquo;autres entreprises, nous adoptons toujours la philosophie suivante\u00a0: la somme est plus d\u00e9terminante que les \u00e9l\u00e9ments qui la composent. Cette strat\u00e9gie s&rsquo;est r\u00e9v\u00e9l\u00e9e tr\u00e8s b\u00e9n\u00e9fique pour nos clients, coll\u00e8gues et actionnaires.<\/p>\n<\/p>\n\t\t\t\t\t\t\t<\/div>\n\t\t\n\t<\/div>\n<\/div><\/section>\n\n\n<section class=\"block fwmb\" >\n\t<div class=\"block__inner editor-content fwmb__inner fwmb__inner--right fwmb__inner--image\">\n\n        <div class=\"fwmb__media col col-12\">\n\t\t\t<img loading=\"lazy\" decoding=\"async\" width=\"1680\" height=\"560\" src=\"https:\/\/www.swecobelgium.be\/wp-content\/uploads\/sites\/12\/2021\/06\/Service-areas_annual-report-2015-1680x560.jpg\" class=\"attachment-fwmb-image size-fwmb-image\" alt=\"\" srcset=\"https:\/\/www.swecobelgium.be\/wp-content\/uploads\/sites\/12\/2021\/06\/Service-areas_annual-report-2015.jpg 1680w, https:\/\/www.swecobelgium.be\/wp-content\/uploads\/sites\/12\/2021\/06\/Service-areas_annual-report-2015-200x67.jpg 200w, https:\/\/www.swecobelgium.be\/wp-content\/uploads\/sites\/12\/2021\/06\/Service-areas_annual-report-2015-768x256.jpg 768w, https:\/\/www.swecobelgium.be\/wp-content\/uploads\/sites\/12\/2021\/06\/Service-areas_annual-report-2015-1536x512.jpg 1536w, https:\/\/www.swecobelgium.be\/wp-content\/uploads\/sites\/12\/2021\/06\/Service-areas_annual-report-2015-520x173.jpg 520w, https:\/\/www.swecobelgium.be\/wp-content\/uploads\/sites\/12\/2021\/06\/Service-areas_annual-report-2015-800x267.jpg 800w, https:\/\/www.swecobelgium.be\/wp-content\/uploads\/sites\/12\/2021\/06\/Service-areas_annual-report-2015-900x300.jpg 900w\" sizes=\"auto, (max-width: 1680px) 100vw, 1680px\" \/>\t\t<\/div>\n\n        \n        \n\t<\/div>\n<\/section>\n\n<section class=\"block cb block--white\" >\n\t<div class=\"block__inner cb__inner cb__inner--one\">\n\t<div class=\"col--12 col--center col--wrapper\">\n\t\t<div class=\"col col--6 editor-content\">\n\t\t\t<h1>Notre histoire en Belgique<\/h1>\n<p><strong>Le berceau de notre organisation<\/strong><br \/>\nSweco a d\u00e9but\u00e9 ses activit\u00e9s en Belgique en 1956 sous le nom de Belgroma. En 1992, BnS Engineering a rejoint le groupe. En 2012, les diff\u00e9rentes entit\u00e9s (Grontmij Vlaanderen, Grontmij Industry, Libost-Groep et Grontmij Wallonie) seront fusionn\u00e9es au sein de la soci\u00e9t\u00e9 Grontmij Belgium. Depuis 2016, nous avons organis\u00e9 toutes nos activit\u00e9s op\u00e9rationnelles sous le nom de Sweco Belgium.<\/p>\n<p><strong>Expansion du r\u00e9seau en Belgique<\/strong><br \/>\nL&rsquo;expansion de\u00a0Sweco s&rsquo;est rapidement acc\u00e9l\u00e9r\u00e9e par la reprise successive de plusieurs bureaux d&rsquo;ing\u00e9nieurs-conseils connus\u00a0:<\/p>\n<ul>\n<li>1998-1999 : Studiebureau Verschave, Studiebureau Clerckx, Atenco, De Neuter &amp; Associ\u00e9s, Styfhals Ingenieursbureau<\/li>\n<li>2008 : rachat \u00e9chelonn\u00e9 Libost-Groep<\/li>\n<li>2009 : Studiebureel Stokmans et Econnection<\/li>\n<li>2011 : Studiebureau G.V.E. et les activit\u00e9s mobile mapping de GeoInvent<\/li>\n<li>2017 : M&amp;R Engineering, Snoeck &amp; Partners et HaskoningDHV Belgium (Asset Purchase Agreement)<\/li>\n<li>2018 : Nexilis et Planet Engineering<\/li>\n<li>2019 : Pythagoras<\/li>\n<li>2020 : Studiebureau Talboom, Talboom PharmaChem<strong>,\u00a0<\/strong>Temco (fonds de commerce) et SGI Ing\u00e9nieurs<\/li>\n<li>2021: BUUR, Arcade Concept Engineering et Boydens Engineering<\/li>\n<li>2022: Vitech, AB Soil Remediation Experts, RK-TEC, Venac, V2S et Futureproofed<\/li>\n<li>2023: VK architects+engineers, DS Engineering, FPC Risk<\/li>\n<li>2025: assar architects<\/li>\n<\/ul>\n<p>Toutefois, la croissance de l&rsquo;organisation ne repose pas uniquement sur ses acquisitions. De nouvelles activit\u00e9s sont lanc\u00e9es et des entreprises sont mises sur pied.\u00a0Sweco conna\u00eet aussi une forte croissance dans la gestion de projets de construction complexes.<\/p>\n\t\t<\/div>\n\t<\/div>\n<\/div>\n<\/section>\n\n\n<section class=\"block ocb ocb--left\" >\n    <div class=\"block__inner ocb__inner editor-content\">\n\n    \t\n\t\t<div class=\"col--4 ocb__content\">\n\t\t\t\t\t\t<h2>Notre histoire<\/h2>\n<p>Comment sommes-nous devenus qui nous sommes aujourd&rsquo;hui ? Vous le d\u00e9couvrirez dans ce film.<\/p>\n\t\t\t\t\t<\/div>\n\n        <div class=\"col--9 ocb__media\">\n\t\t\t<div class=\"ocb__embed\" ><iframe loading=\"lazy\" title=\"Our_History Video\" src=\"\" data-src-defer=\"https:\/\/fast.wistia.net\/embed\/iframe\/h3aqfoau42?dnt=1\" allow=\"autoplay; fullscreen\" allowtransparency=\"true\" frameborder=\"0\" scrolling=\"no\" class=\"wistia_embed\" name=\"wistia_embed\" msallowfullscreen width=\"640\" height=\"360\"><\/iframe><script src=\"\" data-src-defer=\"https:\/\/fast.wistia.net\/assets\/external\/E-v1.js\" async><\/script><\/div>        <\/div>\n    <\/div>\n<\/section>","protected":false},"excerpt":{"rendered":"","protected":false},"author":55,"featured_media":0,"parent":6880,"menu_order":0,"comment_status":"closed","ping_status":"closed","template":"","meta":{"_acf_changed":false,"_seopress_robots_primary_cat":"","_seopress_titles_title":"Historique","_seopress_titles_desc":"D\u00e9couvrez l'historique de Sweco, une entreprise centenaire ax\u00e9e sur l'innovation et la durabilit\u00e9. Apprenez comment nous fa\u00e7onnons l'avenir.","_seopress_robots_index":"","footnotes":""},"class_list":["post-6229","page","type-page","status-publish","hentry"],"acf":[],"_links":{"self":[{"href":"https:\/\/www.swecobelgium.be\/fr\/wp-json\/wp\/v2\/pages\/6229","targetHints":{"allow":["GET"]}}],"collection":[{"href":"https:\/\/www.swecobelgium.be\/fr\/wp-json\/wp\/v2\/pages"}],"about":[{"href":"https:\/\/www.swecobelgium.be\/fr\/wp-json\/wp\/v2\/types\/page"}],"author":[{"embeddable":true,"href":"https:\/\/www.swecobelgium.be\/fr\/wp-json\/wp\/v2\/users\/55"}],"replies":[{"embeddable":true,"href":"https:\/\/www.swecobelgium.be\/fr\/wp-json\/wp\/v2\/comments?post=6229"}],"version-history":[{"count":15,"href":"https:\/\/www.swecobelgium.be\/fr\/wp-json\/wp\/v2\/pages\/6229\/revisions"}],"predecessor-version":[{"id":44487,"href":"https:\/\/www.swecobelgium.be\/fr\/wp-json\/wp\/v2\/pages\/6229\/revisions\/44487"}],"up":[{"embeddable":true,"href":"https:\/\/www.swecobelgium.be\/fr\/wp-json\/wp\/v2\/pages\/6880"}],"wp:attachment":[{"href":"https:\/\/www.swecobelgium.be\/fr\/wp-json\/wp\/v2\/media?parent=6229"}],"curies":[{"name":"wp","href":"https:\/\/api.w.org\/{rel}","templated":true}]}}