{"id":6260,"date":"2021-06-04T09:17:58","date_gmt":"2021-06-04T09:17:58","guid":{"rendered":"https:\/\/www.swecobelgium.be\/?page_id=6260"},"modified":"2025-05-13T09:27:40","modified_gmt":"2025-05-13T07:27:40","slug":"organisation","status":"publish","type":"page","link":"https:\/\/www.swecobelgium.be\/fr\/nous-sommes-sweco\/organisation\/","title":{"rendered":"Organisation"},"content":{"rendered":"<section class=\"block page-intro page-intro--big page-intro--bg\" >\n\t\t\t<div class=\"page-intro__layout\" >\n\t\t\t<img width=\"1680\" height=\"560\" src=\"https:\/\/www.swecobelgium.be\/wp-content\/uploads\/sites\/12\/2021\/06\/8O2A1997.jpg\" class=\"page-intro__bg-img\" alt=\"\" fetchpriority=\"high\" decoding=\"async\" sizes=\"(max-width: 767px) 1080px, 1920px\" srcset=\"https:\/\/www.swecobelgium.be\/wp-content\/uploads\/sites\/12\/2021\/06\/8O2A1997.jpg 1680w, https:\/\/www.swecobelgium.be\/wp-content\/uploads\/sites\/12\/2021\/06\/8O2A1997-200x67.jpg 200w, https:\/\/www.swecobelgium.be\/wp-content\/uploads\/sites\/12\/2021\/06\/8O2A1997-768x256.jpg 768w, https:\/\/www.swecobelgium.be\/wp-content\/uploads\/sites\/12\/2021\/06\/8O2A1997-1536x512.jpg 1536w, https:\/\/www.swecobelgium.be\/wp-content\/uploads\/sites\/12\/2021\/06\/8O2A1997-520x173.jpg 520w, https:\/\/www.swecobelgium.be\/wp-content\/uploads\/sites\/12\/2021\/06\/8O2A1997-800x267.jpg 800w, https:\/\/www.swecobelgium.be\/wp-content\/uploads\/sites\/12\/2021\/06\/8O2A1997-900x300.jpg 900w\" \/>\t\t\t<div class=\"block__inner page-intro__inner page-intro__inner--top\">\n\t\t\t\t<div class=\"col--11\">\n\t\t\t\t\t<div class=\"editor-content editor-content--white editor-content--top col--5\">\n\t\t\t\t\t\t<div class=\"editor-content__inner \">\n\t\t\t\t\t\t\t\t\t\t\t\t\t\t\t\t\t\t\t\t\t\t\t\t\t\t\t<\/div>\n\t\t\t\t\t<\/div>\n\t\t\t\t<\/div>\n\t\t\t<\/div>\n\t\t<\/div>\n\t\n\t\t\n\t\t<div class=\"block__inner page-intro__inner page-intro__inner--bottom \">\n\t\t<div class=\"editor-content editor-content--bottom col--6\">\n\t\t\t<div class=\"editor-content__inner\">\n\t\t\t\t\t\n\t\t\t\t<p>Le\u00a0<em>business model<\/em>\u00a0d\u00e9centralis\u00e9 de Sweco est un \u00e9l\u00e9ment essentiel de notre r\u00e9ussite. Gr\u00e2ce \u00e0 une approche de travail simple et soucieuse du client, Sweco s&rsquo;est d\u00e9velopp\u00e9e en tant qu&rsquo;acteur international majeur tout en conservant une pr\u00e9sence locale et de l&rsquo;expertise.<\/p>\n<p>Les op\u00e9rations sont men\u00e9es dans huit Business Areas : Sweco Belgium, Sweco Su\u00e8de, Sweco Norv\u00e8ge, Sweco Finlande, Sweco Danemark, Sweco Pays-Bas et Sweco Allemagne &amp; Europe centrale. Sweco peut \u00e9galement se pr\u00e9valoir d&rsquo;exporter de vastes projets vers le reste du monde.<\/p>\n\n\t\t\t\t\n\t\t\t\t\t\t\t<\/div>\n\t\t<\/div>\n\t<\/div>\n\t<\/section>\n\n<section class=\"block cb block--white\" >\n\t<div class=\"block__inner cb__inner cb__inner--title-block\">\n\t<div class=\"col--11 col--start col--wrapper editor-content\">\n\t\t\t\t\t<div class=\"col col--5\">\n\t\t\t\t<h1 class=\"h1 hyphenate\">Sweco en Belgique<\/h1>\t\t\t<\/div>\n\t\t\n\t\t\t\t\t<div class=\"col col--4 push--1\">\n\t\t\t\t<p><p>Sweco Belgium bv\/srl, dont le si\u00e8ge social est \u00e9tabli \u00e0 Bruxelles, emploie environ 2 600 collaborateurs. Le r\u00e9seau national se r\u00e9partit sur 12 sites en Belgique, 1 au Luxembourg, 2 au Vi\u00eat Nam et un bureaux en France.<\/p>\n<p>Sweco Belgium bv\/srl s\u2019organise autour de quatre divisions, chacune dirig\u00e9e par un Division Director : Industry, Buildings, Energy &amp; Environment et Infrastructure. Chaque division offre ses services en fonction des groupes de clients qui lui sont sp\u00e9cifiques en veillant tout particuli\u00e8rement \u00e0 satisfaire leurs attentes et \u00e0 apporter une plus-value\u00a0 en mati\u00e8re de conseils, d\u2019\u00e9tudes, de concepts, d\u2019ing\u00e9nierie, d\u2019ex\u00e9cution et de gestion de projets multidisciplinaires, et ce, pour nos clients tant du monde des entreprises que des pouvoirs publics.<\/p>\n<p>Les services administratifs (Shared Services) RH, Finance, IT, Legal, QHS, Facility et Communication encadrent nos processus.<\/p>\n<\/p>\n\t\t\t\t\t\t\t<\/div>\n\t\t\n\t<\/div>\n<\/div><\/section>\n\n\n<section class=\"block fwmb\" >\n\t<div class=\"block__inner editor-content fwmb__inner fwmb__inner--right fwmb__inner--image\">\n\n        <div class=\"fwmb__media col col-12\">\n\t\t\t<img loading=\"lazy\" decoding=\"async\" width=\"1680\" height=\"560\" src=\"https:\/\/www.swecobelgium.be\/wp-content\/uploads\/sites\/12\/2021\/06\/Service-areas_annual-report-2015-1680x560.jpg\" class=\"attachment-fwmb-image size-fwmb-image\" alt=\"\" srcset=\"https:\/\/www.swecobelgium.be\/wp-content\/uploads\/sites\/12\/2021\/06\/Service-areas_annual-report-2015.jpg 1680w, https:\/\/www.swecobelgium.be\/wp-content\/uploads\/sites\/12\/2021\/06\/Service-areas_annual-report-2015-200x67.jpg 200w, https:\/\/www.swecobelgium.be\/wp-content\/uploads\/sites\/12\/2021\/06\/Service-areas_annual-report-2015-768x256.jpg 768w, https:\/\/www.swecobelgium.be\/wp-content\/uploads\/sites\/12\/2021\/06\/Service-areas_annual-report-2015-1536x512.jpg 1536w, https:\/\/www.swecobelgium.be\/wp-content\/uploads\/sites\/12\/2021\/06\/Service-areas_annual-report-2015-520x173.jpg 520w, https:\/\/www.swecobelgium.be\/wp-content\/uploads\/sites\/12\/2021\/06\/Service-areas_annual-report-2015-800x267.jpg 800w, https:\/\/www.swecobelgium.be\/wp-content\/uploads\/sites\/12\/2021\/06\/Service-areas_annual-report-2015-900x300.jpg 900w\" sizes=\"auto, (max-width: 1680px) 100vw, 1680px\" \/>\t\t<\/div>\n\n        \n        \n\t<\/div>\n<\/section>\n\n<section class=\"block cb block--white\" >\n\t<div class=\"block__inner cb__inner cb__inner--one\">\n\t<div class=\"col--12 col--center col--wrapper\">\n\t\t<div class=\"col col--6 editor-content\">\n\t\t\t<p><strong>La structure organisationnelle de\u00a0Sweco Belgium\u00a0<\/strong><br \/>\nLa structure de gestion s\u2019appuie sur un mod\u00e8le de d\u00e9veloppement tridimensionnel, \u00e0 savoir :<\/p>\n<ul>\n<li>Une approche commerciale professionnelle et strat\u00e9gique du march\u00e9<\/li>\n<li>Un d\u00e9veloppement efficient et efficace des structures op\u00e9rationnelles<\/li>\n<li>Un d\u00e9veloppement et un partage de l\u2019expertise et de l\u2019exp\u00e9rience innovants et ax\u00e9s vers le futur.<\/li>\n<\/ul>\n<p><strong>La gestion op\u00e9rationnelle<\/strong>\u00a0a pour t\u00e2che principale de proposer \u00e0 nos clients des projets de qualit\u00e9 et innovants. A cet effet, un Division Director chapeaute les collaborateurs op\u00e9rationnels d\u2019une business line dans nos diff\u00e9rents sites. Elle fait en sorte que chaque collaborateur fournisse, au moment opportun, sa contribution sous la conduite d\u2019un chef de projet. Enfin, la direction op\u00e9rationnelle motive et encadre les collaborateurs.<\/p>\n<p><strong>La fonction commerciale<\/strong>\u00a0est con\u00e7ue de mani\u00e8re professionnelle. Nos commerciaux mesurent les attentes de nos clients. Leur mission consiste ensuite \u00e0 allier expertise et exp\u00e9rience. Nos managers commerciaux et account managers nourrissent l\u2019ambition de d\u00e9velopper une relation solide et durable avec chaque client. A cet effet, des accords clairs sont convenus et des responsabilit\u00e9s g\u00e9ographiques et th\u00e9matiques sont \u00e9tablies.\u00a0En collaboration avec le service qualit\u00e9, les managers commerciaux et les account Managers mesurent la satisfaction des clients.<\/p>\n<p><strong>Le partage de l\u2019expertise et le d\u00e9veloppement<\/strong>\u00a0forment le tendon d\u2019Achille de notre raison d\u2019\u00eatre. Dans ce contexte, les Business Development Managers suivent l\u2019\u00e9volution des demandes du march\u00e9, effectuent une analyse et d\u00e9cident ensuite de la voie \u00e0 suivre en concertation avec les Knowledge Managers. Leur mission consiste \u00e0 d\u00e9velopper de nouvelles expertises ou \u00e0 am\u00e9liorer les expertises existantes, \u00e0 organiser des formations pertinentes et de garantir le partage des connaissances.<\/p>\n\t\t<\/div>\n\t<\/div>\n<\/div>\n<\/section>\n","protected":false},"excerpt":{"rendered":"","protected":false},"author":55,"featured_media":0,"parent":6880,"menu_order":0,"comment_status":"closed","ping_status":"closed","template":"","meta":{"_acf_changed":false,"_seopress_robots_primary_cat":"","_seopress_titles_title":"Organisation","_seopress_titles_desc":"D\u00e9couvrez l'organisation de Sweco et comment nous proposons des solutions d'ing\u00e9nierie durables.","_seopress_robots_index":"","footnotes":""},"class_list":["post-6260","page","type-page","status-publish","hentry"],"acf":[],"_links":{"self":[{"href":"https:\/\/www.swecobelgium.be\/fr\/wp-json\/wp\/v2\/pages\/6260","targetHints":{"allow":["GET"]}}],"collection":[{"href":"https:\/\/www.swecobelgium.be\/fr\/wp-json\/wp\/v2\/pages"}],"about":[{"href":"https:\/\/www.swecobelgium.be\/fr\/wp-json\/wp\/v2\/types\/page"}],"author":[{"embeddable":true,"href":"https:\/\/www.swecobelgium.be\/fr\/wp-json\/wp\/v2\/users\/55"}],"replies":[{"embeddable":true,"href":"https:\/\/www.swecobelgium.be\/fr\/wp-json\/wp\/v2\/comments?post=6260"}],"version-history":[{"count":14,"href":"https:\/\/www.swecobelgium.be\/fr\/wp-json\/wp\/v2\/pages\/6260\/revisions"}],"predecessor-version":[{"id":37476,"href":"https:\/\/www.swecobelgium.be\/fr\/wp-json\/wp\/v2\/pages\/6260\/revisions\/37476"}],"up":[{"embeddable":true,"href":"https:\/\/www.swecobelgium.be\/fr\/wp-json\/wp\/v2\/pages\/6880"}],"wp:attachment":[{"href":"https:\/\/www.swecobelgium.be\/fr\/wp-json\/wp\/v2\/media?parent=6260"}],"curies":[{"name":"wp","href":"https:\/\/api.w.org\/{rel}","templated":true}]}}