{"id":6290,"date":"2021-06-08T06:47:14","date_gmt":"2021-06-08T06:47:14","guid":{"rendered":"https:\/\/www.swecobelgium.be\/?page_id=6290"},"modified":"2025-05-07T08:57:46","modified_gmt":"2025-05-07T06:57:46","slug":"login-clients","status":"publish","type":"page","link":"https:\/\/www.swecobelgium.be\/fr\/login-clients\/","title":{"rendered":"Login clients"},"content":{"rendered":"<section class=\"block page-intro page-intro--big page-intro--bg\" >\n\t\t\t<div class=\"page-intro__layout\" >\n\t\t\t<img width=\"1580\" height=\"527\" src=\"https:\/\/www.swecobelgium.be\/wp-content\/uploads\/sites\/12\/2021\/06\/Header_logins_1680x560.jpg\" class=\"page-intro__bg-img\" alt=\"\" fetchpriority=\"high\" decoding=\"async\" sizes=\"(max-width: 767px) 1080px, 1920px\" srcset=\"https:\/\/www.swecobelgium.be\/wp-content\/uploads\/sites\/12\/2021\/06\/Header_logins_1680x560.jpg 1580w, https:\/\/www.swecobelgium.be\/wp-content\/uploads\/sites\/12\/2021\/06\/Header_logins_1680x560-200x67.jpg 200w, https:\/\/www.swecobelgium.be\/wp-content\/uploads\/sites\/12\/2021\/06\/Header_logins_1680x560-768x256.jpg 768w, https:\/\/www.swecobelgium.be\/wp-content\/uploads\/sites\/12\/2021\/06\/Header_logins_1680x560-1536x512.jpg 1536w, https:\/\/www.swecobelgium.be\/wp-content\/uploads\/sites\/12\/2021\/06\/Header_logins_1680x560-520x173.jpg 520w, https:\/\/www.swecobelgium.be\/wp-content\/uploads\/sites\/12\/2021\/06\/Header_logins_1680x560-800x267.jpg 800w, https:\/\/www.swecobelgium.be\/wp-content\/uploads\/sites\/12\/2021\/06\/Header_logins_1680x560-899x300.jpg 899w\" \/>\t\t\t<div class=\"block__inner page-intro__inner page-intro__inner--top\">\n\t\t\t\t<div class=\"col--11\">\n\t\t\t\t\t<div class=\"editor-content editor-content--white editor-content--top col--5\">\n\t\t\t\t\t\t<div class=\"editor-content__inner \">\n\t\t\t\t\t\t\t\t\t\t\t\t\t\t\t\t\t\t\t\t\t\t\t\t\t\t\t<\/div>\n\t\t\t\t\t<\/div>\n\t\t\t\t<\/div>\n\t\t\t<\/div>\n\t\t<\/div>\n\t\n\t\t\n\t\t<div class=\"block__inner page-intro__inner page-intro__inner--bottom \">\n\t\t<div class=\"editor-content editor-content--bottom col--6\">\n\t\t\t<div class=\"editor-content__inner\">\n\t\t\t\t\t\n\t\t\t\t<h1>Login clients<\/h1>\n<p>Ci-dessous vous trouvez quelques applications pour nos clients.<\/p>\n\n\t\t\t\t\n\t\t\t\t\t\t\t<\/div>\n\t\t<\/div>\n\t<\/div>\n\t<\/section>\n\n<section class=\"block fw-cta block--background fw-cta__mb-0\" >\n\t<div class=\"block__inner block__innner--bottom fw-cta__inner\">\n\t\t<img width=\"1680\" height=\"560\" src=\"https:\/\/www.swecobelgium.be\/wp-content\/uploads\/sites\/12\/2021\/06\/Subheader_login_1680x560-1680x560.jpg\" class=\"fw-cta__bg-img\" alt=\"\" decoding=\"async\" loading=\"lazy\" sizes=\"auto, (max-width: 767px) 1080px, 1920px\" srcset=\"https:\/\/www.swecobelgium.be\/wp-content\/uploads\/sites\/12\/2021\/06\/Subheader_login_1680x560.jpg 1680w, https:\/\/www.swecobelgium.be\/wp-content\/uploads\/sites\/12\/2021\/06\/Subheader_login_1680x560-200x67.jpg 200w, https:\/\/www.swecobelgium.be\/wp-content\/uploads\/sites\/12\/2021\/06\/Subheader_login_1680x560-768x256.jpg 768w, https:\/\/www.swecobelgium.be\/wp-content\/uploads\/sites\/12\/2021\/06\/Subheader_login_1680x560-1536x512.jpg 1536w, https:\/\/www.swecobelgium.be\/wp-content\/uploads\/sites\/12\/2021\/06\/Subheader_login_1680x560-520x173.jpg 520w, https:\/\/www.swecobelgium.be\/wp-content\/uploads\/sites\/12\/2021\/06\/Subheader_login_1680x560-800x267.jpg 800w, https:\/\/www.swecobelgium.be\/wp-content\/uploads\/sites\/12\/2021\/06\/Subheader_login_1680x560-900x300.jpg 900w\" \/>\t\t<div class=\"col--10 col--wrapper col--stretch\">\n\t\t\t\t\t<\/div>\n\n\t\t<div class=\"col--10 fw-cta__ctas col--wrapper col--stretch style-legacy\">\n\t\t\t\t\t\t\t<div class=\"cta editor-content col col--6 \" data-clickable=\"true\">\n\t\t\t\t\t<div class=\"cta__inner\">\n\t\t\t\t\t\t<h3 class=\"h3 cta__header hyphenate\"><a href=\"https:\/\/filetransfer.swecogroup.com\/\" target=\"_blank\" rel=\"noopener nofollow\">Secure File Transfer<\/a><\/h3>\t\t\t\t\t\t<p class=\"cta__content\">\n\t\t\t\t\t\t\tLe service Secure File Transfer permet d&rsquo;envoyer, de mani\u00e8re s\u00e9curis\u00e9e, aux collaborateurs Sweco des fichiers qui en raison de leur taille ne peuvent l&rsquo;\u00eatre par e-mail.\t\t\t\t\t\t<\/p>\n\t\t\t\t\t\t<button class=\"btn btn__arrow\" aria-label=\"Login clients\">\n\t\t\t\t\t\t\t<i class=\"icon icon-arrow-right\"><\/i>\n\t\t\t\t\t\t<\/button>\n\t\t\t\t\t<\/div>\n\t\t\t\t\t\t\t\t\t<\/div>\n\t\t\t\t\t\t\t<div class=\"cta editor-content col col--6 \" data-clickable=\"true\">\n\t\t\t\t\t<div class=\"cta__inner\">\n\t\t\t\t\t\t<h3 class=\"h3 cta__header hyphenate\"><a href=\"https:\/\/portal.swecobelgium.be\/\" target=\"_blank\" rel=\"noopener nofollow\">Portail projets Industry<\/a><\/h3>\t\t\t\t\t\t<p class=\"cta__content\">\n\t\t\t\t\t\t\tSi vous travaillez comme client du Division Industry pour le(s) projet(s) en cours, avec un portail, vous pouvez vous connecter ici (nom d\u2019utilisateur et mot de passe obligatoires).\t\t\t\t\t\t<\/p>\n\t\t\t\t\t\t<button class=\"btn btn__arrow\" aria-label=\"Login clients\">\n\t\t\t\t\t\t\t<i class=\"icon icon-arrow-right\"><\/i>\n\t\t\t\t\t\t<\/button>\n\t\t\t\t\t<\/div>\n\t\t\t\t\t\t\t\t\t<\/div>\n\t\t\t\t\t<\/div>\n\t<\/div>\n<\/section>\n","protected":false},"excerpt":{"rendered":"","protected":false},"author":55,"featured_media":0,"parent":0,"menu_order":0,"comment_status":"closed","ping_status":"closed","template":"","meta":{"_acf_changed":false,"_seopress_robots_primary_cat":"","_seopress_titles_title":"Login clients","_seopress_titles_desc":"Portail de connexion client Sweco. Acc\u00e9dez \u00e0 vos projets et aux ressources partag\u00e9es.","_seopress_robots_index":"","footnotes":""},"class_list":["post-6290","page","type-page","status-publish","hentry"],"acf":[],"_links":{"self":[{"href":"https:\/\/www.swecobelgium.be\/fr\/wp-json\/wp\/v2\/pages\/6290","targetHints":{"allow":["GET"]}}],"collection":[{"href":"https:\/\/www.swecobelgium.be\/fr\/wp-json\/wp\/v2\/pages"}],"about":[{"href":"https:\/\/www.swecobelgium.be\/fr\/wp-json\/wp\/v2\/types\/page"}],"author":[{"embeddable":true,"href":"https:\/\/www.swecobelgium.be\/fr\/wp-json\/wp\/v2\/users\/55"}],"replies":[{"embeddable":true,"href":"https:\/\/www.swecobelgium.be\/fr\/wp-json\/wp\/v2\/comments?post=6290"}],"version-history":[{"count":9,"href":"https:\/\/www.swecobelgium.be\/fr\/wp-json\/wp\/v2\/pages\/6290\/revisions"}],"predecessor-version":[{"id":37336,"href":"https:\/\/www.swecobelgium.be\/fr\/wp-json\/wp\/v2\/pages\/6290\/revisions\/37336"}],"wp:attachment":[{"href":"https:\/\/www.swecobelgium.be\/fr\/wp-json\/wp\/v2\/media?parent=6290"}],"curies":[{"name":"wp","href":"https:\/\/api.w.org\/{rel}","templated":true}]}}