{"id":6757,"date":"2021-05-26T07:03:15","date_gmt":"2021-05-26T07:03:15","guid":{"rendered":"https:\/\/www.swecobelgium.be\/contactez-nous\/contact-voor-energie-en-industrie\/"},"modified":"2025-06-05T15:48:04","modified_gmt":"2025-06-05T13:48:04","slug":"contact-pour-energie-industrie-leau","status":"publish","type":"page","link":"https:\/\/www.swecobelgium.be\/fr\/contact-pour-energie-industrie-leau\/","title":{"rendered":"Contact pour \u00e9nergie, industrie et l&rsquo;eau"},"content":{"rendered":"<section class=\"block block--white offices\" >\n\t<div class=\"block__inner offices__inner\">\n\t\t<div class=\"col--11 offices__top col--wrapper col--stretch\">\n\t\t\t\t\t\t\t<div class=\"col--7 col editor-content\">\n\t\t\t\t\t<h1>Contactez-nous<\/h1>\n<p>Vous adressez \u00e0 Sweco, c\u2019est escompter de grandes r\u00e9alisations. Nous vous promettons d\u2019\u00eatre le partenaire le plus accessible et le plus engag\u00e9. Il doit \u00eatre facile de travailler avec Sweco et nous mettrons tout en oeuvre pour comprendre vos besoins mieux que quiconque. Nous vous promettons \u00e9galement de nous assurer que vous recevrez l\u2019expertise ad\u00e9quate qui r\u00e9pondra aux besoins sp\u00e9cifiques de votre projet. Quel que soit le d\u00e9fi auquel vous faites face, vous pouvez compter sur Sweco pour y apporter une solution. Avec 2 600 collaborateurs, nous sommes toujours proches de vous.<\/p>\n\t\t\t\t\t\t\t\t\t\t\t<div class=\"offices__select\">\n                            <select title=\"Trouvez un bureau pr\u00e8s de chez vous\"\n                                    data-country=\"BE\"\n                                    data-placeholder=\"Trouvez un bureau pr\u00e8s de chez vous\">\n                                <option value=\"\" placeholder>Trouvez un bureau pr\u00e8s de chez vous<\/option>\n                            <\/select>\n\t\t\t\t\t\t<\/div>\n\t\t\t        \t\t\t\t<\/div>\n\t\t\t\t\t<\/div>\n\t\t<div class=\"col--11 col--wrapper col--end col--stretch\">\n            \n<div class=\"col col--6 offices__info\">\n\t<div class=\"editor-content editor-content--bg\">\n\t\t<h3 class=\"h3\" data-autofill=\"visiting_office_name\" data-prefix=\"Sweco \" data-original=\"Si\u00e8ge social\"><\/h3>\t\t<p class=\"ico ico--marker\">\n\t\t\tAdresse de visite\t\t\t<span class=\"info-wrapper\" data-autofill=\"visiting_street\" data-original=\"Sweco Belgium bv\/srl\"><\/span>\n\t\t\t<span class=\"info-wrapper\" data-autofill=\"visiting_street2\" data-original=\"\"><\/span>\n\t\t\t<span class=\"info-wrapper\" data-autofill=\"visiting_zip_code\" data-original=\"\"><\/span>\n\t\t\t<span class=\"info-wrapper\" data-autofill=\"visiting_city\" data-original=\"Rue d'Arenberg 13, bte 1, 1000 Bruxelles\"><\/span>\n\t\t<\/p>\n\t\t\t\t<p>\n\t\t\t<a href=\"\"\n\t\t\t   class=\"link link--email\"\n\t\t\t   data-autofill=\"email\"\n\t\t\t   data-type=\"email\"\n\t\t\t   data-fallback=\"false\"\n\t\t\t   data-original=\"&#105;n&#102;&#111;&#64;&#115;&#119;e&#99;&#111;bel&#103;ium&#46;&#98;e\"><\/a>\n\t\t<\/p>\n\t\t<p>\n\t\t\t<a href=\"\"\n\t\t\t   class=\"link link--phone\"\n\t\t\t   data-autofill=\"phone\"\n\t\t\t   data-type=\"phone\"\n\t\t\t   data-fallback=\"false\"\n\t\t\t   data-original=\"+32 2 383 06 40\">\n\t\t\t<\/a>\n\t\t<\/p>\n\t<\/div>\n\t<div class=\"editor-content editor-content--bg\" data-autofill=\"visiting_office_description\" data-original=\"Vous \u00eates curieux ? Vous avez des questions ? Contactez surtout nos experts. Ils sont pr\u00eats \u00e0 r\u00e9pondre \u00e0 toutes vos questions et vous aident volontiers.\" data-change-description=\"false\"><\/div>\n<\/div>\n<div class=\"col col--6 offices__map\">\n    <div class=\"map\" data-lat=\"50.8479108\" data-lng=\"4.3568156\"><\/div>\n<\/div>\t\t<\/div>\n\t<\/div>\n<\/section>\n\n<section class=\"block cb block--white\" >\n\t<div class=\"block__inner cb__inner cb__inner--one\">\n\t<div class=\"col--12 col--center col--wrapper\">\n\t\t<div class=\"col col--6 editor-content\">\n\t\t\t<h1>Nos experts en \u00e9nergie, industrie et l&rsquo;eau<\/h1>\n\t\t<\/div>\n\t<\/div>\n<\/div>\n<\/section>\n\n\n    <section class=\"block block--white contacts\" >\n        <div class=\"block__inner contacts__inner\">\n            <div class=\"col--11 col--wrapper col--stretch\">\n\t\t\t\t\t\t\t\t                    <div class=\"col col--6 person person--card--img\">\n                        <div class=\"person__inner\">\n\t\t\t\t\t\t\t<img loading=\"lazy\" decoding=\"async\" width=\"270\" height=\"365\" src=\"https:\/\/www.swecobelgium.be\/wp-content\/uploads\/sites\/12\/2021\/05\/TOM45727_Tom-Van-Den-Noortgaete-e1622800147811.jpg\" class=\"attachment-people-card size-people-card wp-post-image\" alt=\"\" \/>                            <div class=\"person__content editor-content\">\n                                <p class=\"h4 hyphenate\">Tom Van Den Noortgaete<\/p>                                <em>Division Director Energy &amp; Environment &amp; Business Development Manager<\/em>\n\t\t\t\t\t\t\t\t\t\t\t\t\t\t\t\t\t<div class=\"person__contact\">\n\t\t\t\t\t\t\t\t\t\t\t\t\t\t\t\t\t\t\t\t\t<button class=\"btn btn__small btn__secondary contact-info-btn\" data_contact-id=\"10294\" data-email-subject=\"\">Show contact information<\/button>\n\t\t\t\t\t\t\t\t\t\t\t\t\t\t\t\t\t\t\t<\/div>\n\t\t\t\t\t\t\t\t                            <\/div>\n                        <\/div>\n                    <\/div>\n\t\t\t\t                    <div class=\"col col--6 person person--card--img\">\n                        <div class=\"person__inner\">\n\t\t\t\t\t\t\t<img loading=\"lazy\" decoding=\"async\" width=\"270\" height=\"364\" src=\"https:\/\/www.swecobelgium.be\/wp-content\/uploads\/sites\/12\/2021\/05\/Filip-Verheyen-e1622800120862.jpg\" class=\"attachment-people-card size-people-card wp-post-image\" alt=\"\" \/>                            <div class=\"person__content editor-content\">\n                                <p class=\"h4 hyphenate\">Filip Verheyen<\/p>                                <em>Division Director Industry<\/em>\n\t\t\t\t\t\t\t\t\t\t\t\t\t\t\t\t\t<div class=\"person__contact\">\n\t\t\t\t\t\t\t\t\t\t\t\t\t\t\t\t\t\t\t\t\t<button class=\"btn btn__small btn__secondary contact-info-btn\" data_contact-id=\"10299\" data-email-subject=\"\">Show contact information<\/button>\n\t\t\t\t\t\t\t\t\t\t\t\t\t\t\t\t\t\t\t<\/div>\n\t\t\t\t\t\t\t\t                            <\/div>\n                        <\/div>\n                    <\/div>\n\t\t\t\t                    <div class=\"col col--6 person person--card--img\">\n                        <div class=\"person__inner\">\n\t\t\t\t\t\t\t<img loading=\"lazy\" decoding=\"async\" width=\"200\" height=\"270\" src=\"https:\/\/www.swecobelgium.be\/wp-content\/uploads\/sites\/12\/2021\/06\/Diederik-Van-Der-Linden_200x270.jpg\" class=\"attachment-people-card size-people-card wp-post-image\" alt=\"\" srcset=\"https:\/\/www.swecobelgium.be\/wp-content\/uploads\/sites\/12\/2021\/06\/Diederik-Van-Der-Linden_200x270.jpg 200w, https:\/\/www.swecobelgium.be\/wp-content\/uploads\/sites\/12\/2021\/06\/Diederik-Van-Der-Linden_200x270-148x200.jpg 148w\" sizes=\"auto, (max-width: 200px) 100vw, 200px\" \/>                            <div class=\"person__content editor-content\">\n                                <p class=\"h4 hyphenate\">Diederik Van Der Linden<\/p>                                <em>Directeur Pharma<\/em>\n\t\t\t\t\t\t\t\t\t\t\t\t\t\t\t\t\t<div class=\"person__contact\">\n\t\t\t\t\t\t\t\t\t\t\t\t\t\t\t\t\t\t\t\t\t<button class=\"btn btn__small btn__secondary contact-info-btn\" data_contact-id=\"10302\" data-email-subject=\"\">Show contact information<\/button>\n\t\t\t\t\t\t\t\t\t\t\t\t\t\t\t\t\t\t\t<\/div>\n\t\t\t\t\t\t\t\t                            <\/div>\n                        <\/div>\n                    <\/div>\n\t\t\t\t                    <div class=\"col col--6 person person--card--img\">\n                        <div class=\"person__inner\">\n\t\t\t\t\t\t\t<img loading=\"lazy\" decoding=\"async\" width=\"270\" height=\"365\" src=\"https:\/\/www.swecobelgium.be\/wp-content\/uploads\/sites\/12\/2021\/05\/Patrick-Callewaert-2-e1622800138496.jpg\" class=\"attachment-people-card size-people-card wp-post-image\" alt=\"\" \/>                            <div class=\"person__content editor-content\">\n                                <p class=\"h4 hyphenate\">Patrick Callewaert<\/p>                                <em>Business Development Manager Division Industry<\/em>\n\t\t\t\t\t\t\t\t\t\t\t\t\t\t\t\t\t<div class=\"person__contact\">\n\t\t\t\t\t\t\t\t\t\t\t\t\t\t\t\t\t\t\t\t\t<button class=\"btn btn__small btn__secondary contact-info-btn\" data_contact-id=\"10326\" data-email-subject=\"\">Show contact information<\/button>\n\t\t\t\t\t\t\t\t\t\t\t\t\t\t\t\t\t\t\t<\/div>\n\t\t\t\t\t\t\t\t                            <\/div>\n                        <\/div>\n                    <\/div>\n\t\t\t\t                    <div class=\"col col--6 person person--card--img\">\n                        <div class=\"person__inner\">\n\t\t\t\t\t\t\t<img loading=\"lazy\" decoding=\"async\" width=\"200\" height=\"270\" src=\"https:\/\/www.swecobelgium.be\/wp-content\/uploads\/sites\/12\/2022\/03\/Francoise-Nuytemans-low-res-1200-px.jpg\" class=\"attachment-people-card size-people-card wp-post-image\" alt=\"\" srcset=\"https:\/\/www.swecobelgium.be\/wp-content\/uploads\/sites\/12\/2022\/03\/Francoise-Nuytemans-low-res-1200-px.jpg 200w, https:\/\/www.swecobelgium.be\/wp-content\/uploads\/sites\/12\/2022\/03\/Francoise-Nuytemans-low-res-1200-px-148x200.jpg 148w\" sizes=\"auto, (max-width: 200px) 100vw, 200px\" \/>                            <div class=\"person__content editor-content\">\n                                <p class=\"h4 hyphenate\">Fran\u00e7oise Nuytemans<\/p>                                <em>Team Manager Integrated Water Management<\/em>\n\t\t\t\t\t\t\t\t\t\t\t\t\t\t\t\t\t<div class=\"person__contact\">\n\t\t\t\t\t\t\t\t\t\t\t\t\t\t\t\t\t\t\t\t\t<button class=\"btn btn__small btn__secondary contact-info-btn\" data_contact-id=\"13186\" data-email-subject=\"\">Show contact information<\/button>\n\t\t\t\t\t\t\t\t\t\t\t\t\t\t\t\t\t\t\t<\/div>\n\t\t\t\t\t\t\t\t                            <\/div>\n                        <\/div>\n                    <\/div>\n\t\t\t\t            <\/div>\n        <\/div>\n    <\/section>\n","protected":false},"excerpt":{"rendered":"","protected":false},"author":55,"featured_media":0,"parent":0,"menu_order":0,"comment_status":"closed","ping_status":"closed","template":"","meta":{"_acf_changed":false,"_seopress_robots_primary_cat":"","_seopress_titles_title":"Contact pour \u00e9nergie, industrie et l'eau","_seopress_titles_desc":"Contactez Sweco pour des solutions innovantes dans les secteurs de l'\u00e9nergie, de l'industrie et de l'eau, adapt\u00e9es aux besoins actuels et futurs.","_seopress_robots_index":"","footnotes":""},"class_list":["post-6757","page","type-page","status-publish","hentry"],"acf":[],"_links":{"self":[{"href":"https:\/\/www.swecobelgium.be\/fr\/wp-json\/wp\/v2\/pages\/6757","targetHints":{"allow":["GET"]}}],"collection":[{"href":"https:\/\/www.swecobelgium.be\/fr\/wp-json\/wp\/v2\/pages"}],"about":[{"href":"https:\/\/www.swecobelgium.be\/fr\/wp-json\/wp\/v2\/types\/page"}],"author":[{"embeddable":true,"href":"https:\/\/www.swecobelgium.be\/fr\/wp-json\/wp\/v2\/users\/55"}],"replies":[{"embeddable":true,"href":"https:\/\/www.swecobelgium.be\/fr\/wp-json\/wp\/v2\/comments?post=6757"}],"version-history":[{"count":15,"href":"https:\/\/www.swecobelgium.be\/fr\/wp-json\/wp\/v2\/pages\/6757\/revisions"}],"predecessor-version":[{"id":38254,"href":"https:\/\/www.swecobelgium.be\/fr\/wp-json\/wp\/v2\/pages\/6757\/revisions\/38254"}],"wp:attachment":[{"href":"https:\/\/www.swecobelgium.be\/fr\/wp-json\/wp\/v2\/media?parent=6757"}],"curies":[{"name":"wp","href":"https:\/\/api.w.org\/{rel}","templated":true}]}}