{"id":6880,"date":"2021-06-01T11:17:01","date_gmt":"2021-06-01T11:17:01","guid":{"rendered":"https:\/\/www.swecobelgium.be\/wij-zijn-sweco\/"},"modified":"2025-10-29T08:34:38","modified_gmt":"2025-10-29T07:34:38","slug":"nous-sommes-sweco","status":"publish","type":"page","link":"https:\/\/www.swecobelgium.be\/fr\/nous-sommes-sweco\/","title":{"rendered":"Nous sommes Sweco"},"content":{"rendered":"<section class=\"block page-intro page-intro--big page-intro--bg\" >\n\t\t\t<div class=\"page-intro__layout\" >\n\t\t\t<img width=\"1680\" height=\"600\" src=\"https:\/\/www.swecobelgium.be\/wp-content\/uploads\/sites\/12\/2021\/06\/SWECO_Jubileum_Sint-Truiden_Stationsstraat_HRes-2151.jpg\" class=\"page-intro__bg-img\" alt=\"\" fetchpriority=\"high\" decoding=\"async\" sizes=\"(max-width: 767px) 1080px, 1920px\" srcset=\"https:\/\/www.swecobelgium.be\/wp-content\/uploads\/sites\/12\/2021\/06\/SWECO_Jubileum_Sint-Truiden_Stationsstraat_HRes-2151.jpg 1680w, https:\/\/www.swecobelgium.be\/wp-content\/uploads\/sites\/12\/2021\/06\/SWECO_Jubileum_Sint-Truiden_Stationsstraat_HRes-2151-200x71.jpg 200w, https:\/\/www.swecobelgium.be\/wp-content\/uploads\/sites\/12\/2021\/06\/SWECO_Jubileum_Sint-Truiden_Stationsstraat_HRes-2151-768x274.jpg 768w, https:\/\/www.swecobelgium.be\/wp-content\/uploads\/sites\/12\/2021\/06\/SWECO_Jubileum_Sint-Truiden_Stationsstraat_HRes-2151-1536x549.jpg 1536w, https:\/\/www.swecobelgium.be\/wp-content\/uploads\/sites\/12\/2021\/06\/SWECO_Jubileum_Sint-Truiden_Stationsstraat_HRes-2151-520x186.jpg 520w, https:\/\/www.swecobelgium.be\/wp-content\/uploads\/sites\/12\/2021\/06\/SWECO_Jubileum_Sint-Truiden_Stationsstraat_HRes-2151-800x286.jpg 800w, https:\/\/www.swecobelgium.be\/wp-content\/uploads\/sites\/12\/2021\/06\/SWECO_Jubileum_Sint-Truiden_Stationsstraat_HRes-2151-840x300.jpg 840w\" \/>\t\t\t<div class=\"block__inner page-intro__inner page-intro__inner--top\">\n\t\t\t\t<div class=\"col--11\">\n\t\t\t\t\t<div class=\"editor-content editor-content--white editor-content--top col--5\">\n\t\t\t\t\t\t<div class=\"editor-content__inner \">\n\t\t\t\t\t\t\t\t\t\t\t\t\t\t\t\t\t\t\t\t\t\t\t\t\t\t\t<\/div>\n\t\t\t\t\t<\/div>\n\t\t\t\t<\/div>\n\t\t\t<\/div>\n\t\t<\/div>\n\t\n\t\t\n\t<\/section>\n\n<section class=\"block cb block--white\" >\n\t<div class=\"block__inner cb__inner cb__inner--title-block\">\n\t<div class=\"col--11 col--start col--wrapper editor-content\">\n\t\t\t\t\t<div class=\"col col--5\">\n\t\t\t\t<h2 class=\"h2 hyphenate\">Nous sommes Sweco<\/h2>\t\t\t<\/div>\n\t\t\n\t\t\t\t\t<div class=\"col col--4 push--1\">\n\t\t\t\t<p><p>M\u00eame si l\u2019avenir semble bien loin pour certains, il est tr\u00e8s pr\u00e9sent chez Sweco. Nos conseillers en installations techniques travaillent actuellement sur le climat int\u00e9rieur d\u2019un nouvel h\u00f4pital qui accueillera ses premiers patients d\u2019ici cinq ans. Nos ing\u00e9nieurs de la circulation \u00e9tudient une nouvelle ligne de m\u00e9tro qui ouvrira ses portes aux passagers dans dix ans. Nos planificateurs spatiaux con\u00e7oivent aujourd\u2019hui ce qui sera une nouvelle communaut\u00e9 urbaine, anim\u00e9e et dynamique dans environ 15 ans. L\u2019objectif de Sweco est d\u2019avoir toujours une longueur d\u2019avance. Notre travail d\u2019aujourd\u2019hui pr\u00e9pare la r\u00e9alit\u00e9 du monde de demain.<\/p>\n<p>Vous adressez \u00e0 Sweco, c\u2019est escompter de grandes r\u00e9alisations. Nous vous promettons d\u2019\u00eatre le partenaire le plus accessible et le plus engag\u00e9. Il doit \u00eatre facile de travailler avec Sweco et nous mettrons tout en oeuvre pour comprendre vos besoins mieux que quiconque. Nous vous promettons \u00e9galement de nous assurer que vous recevrez l\u2019expertise ad\u00e9quate qui r\u00e9pondra aux besoins sp\u00e9cifiques de votre projet. Quel que soit le d\u00e9fi auquel vous faites face, vous pouvez compter sur Sweco pour y apporter une solution.<\/p>\n<\/p>\n\t\t\t\t\t\t\t<\/div>\n\t\t\n\t<\/div>\n<\/div><\/section>\n\n\n<section class=\"block block--white arc-facts\" >\n\t<div class=\"block__inner arc-facts__inner\">\n\t\t<div class=\"col--11 col--wrapper col--end editor-content\">\n\t\t\t<div class=\"col col--6 arc-facts__title\"><h2 class=\"h2 hyphenate\">Sweco en bref<\/h2><\/div><div class=\"col col--12\"><\/div>\n            <dl class=\"items col col--12\">\n                                    <dt class=\"item item--left\">Cr\u00e9\u00e9 en<\/dt>\n                    <dd class=\"item item--right\">1958<\/dd>\n                                    <dt class=\"item item--left\">Nombre total de collaborateurs <\/dt>\n                    <dd class=\"item item--right\">23 000<\/dd>\n                                    <dt class=\"item item--left\">Collaborateurs en Belgique<\/dt>\n                    <dd class=\"item item--right\">2.600<\/dd>\n                                    <dt class=\"item item--left\">Chiffre d\u2019affaires du Sweco Group<\/dt>\n                    <dd class=\"item item--right\">Environ 2,7 milliard d&rsquo;euros<\/dd>\n                                    <dt class=\"item item--left\">Sites \u00e0<\/dt>\n                    <dd class=\"item item--right\">en Su\u00e8de, en Norv\u00e8ge, en Finlande, au Danemark, en Allemagne, aux Pays-Bas, au Royaume-Uni, en R\u00e9publique tch\u00e8que, en Pologne, en Estonie, en Lituanie et en Irelande.<\/dd>\n                            <\/dl>\n\n\t\t<\/div>\n\t<\/div>\n<\/section>\n\n\n<section class=\"block cb block--white\" >\n\t<div class=\"block__inner cb__inner cb__inner--one\">\n\t<div class=\"col--12 col--center col--wrapper\">\n\t\t<div class=\"col col--6 editor-content\">\n\t\t\t<h1>Strat\u00e9gie<\/h1>\n<p>Le business model de Sweco consiste en un syst\u00e8me d\u00e9centralis\u00e9 et repose sur la proximit\u00e9 avec nos clients. Chaque client doit percevoir que les conseillers de Sweco ont une compr\u00e9hension d\u00e9taill\u00e9e de leur activit\u00e9. En agissant ainsi, nous pouvons \u00eatre le partenaire le plus engag\u00e9,pr\u00eat \u00e0 cr\u00e9er une plus-value pour le client, et ce, tant en mati\u00e8re urbanistique que dans d\u2019autres domaines.<\/p>\n<p><strong>Qualit\u00e9, efficacit\u00e9 et rentabilit\u00e9 pour le client<\/strong><br \/>\nEn utilisant notre temps et nos ressources le plus efficacement possible, nous offrons \u00e0 nos clients rentabilit\u00e9 et qualit\u00e9. Pour nous assurer que nous respectons les attentes de nos clients, nous mesurons r\u00e9guli\u00e8rement les niveaux de satisfaction et apportons des am\u00e9liorations continues l\u00e0 o\u00f9 cela s\u2019av\u00e8re n\u00e9cessaire.<\/p>\n<p><strong>Talent et d\u00e9vouement<\/strong><br \/>\nSweco est le fruit de l\u2019expertise, de l&rsquo;exp\u00e9rience et de l\u2019engagement de nos collaborateurs. Chacun d\u2019entre nous contribue \u00e0 l\u2019obtention du r\u00e9sultat final. Il est essentiel d\u2019attirer, de d\u00e9velopper et de retenir les meilleurs talents pour r\u00e9pondre aux exigences de nos clients. A cet effet, il nous tient \u00e0 coeur d\u2019identifier les talents et de leur donner l\u2019occasion de r\u00e9ussir.<\/p>\n<p><strong>Promesse au client<\/strong><br \/>\nNous sommes des partenaires v\u00e9ritablement engag\u00e9s avec lesquels il est toujours facile de faire des affaires. Ensemble nous offrons l&rsquo;expertise la plus accessible.<\/p>\n\t\t<\/div>\n\t<\/div>\n<\/div>\n<\/section>\n\n\n<section class=\"block fwmb\" >\n\t<div class=\"block__inner editor-content fwmb__inner fwmb__inner--right fwmb__inner--image\">\n\n        <div class=\"fwmb__media col col-12\">\n\t\t\t<img loading=\"lazy\" decoding=\"async\" width=\"1680\" height=\"560\" src=\"https:\/\/www.swecobelgium.be\/wp-content\/uploads\/sites\/12\/2021\/06\/droogdokT-OM42662-1680x560.jpg\" class=\"attachment-fwmb-image size-fwmb-image\" alt=\"\" srcset=\"https:\/\/www.swecobelgium.be\/wp-content\/uploads\/sites\/12\/2021\/06\/droogdokT-OM42662.jpg 1680w, https:\/\/www.swecobelgium.be\/wp-content\/uploads\/sites\/12\/2021\/06\/droogdokT-OM42662-200x67.jpg 200w, https:\/\/www.swecobelgium.be\/wp-content\/uploads\/sites\/12\/2021\/06\/droogdokT-OM42662-768x256.jpg 768w, https:\/\/www.swecobelgium.be\/wp-content\/uploads\/sites\/12\/2021\/06\/droogdokT-OM42662-1536x512.jpg 1536w, https:\/\/www.swecobelgium.be\/wp-content\/uploads\/sites\/12\/2021\/06\/droogdokT-OM42662-520x173.jpg 520w, https:\/\/www.swecobelgium.be\/wp-content\/uploads\/sites\/12\/2021\/06\/droogdokT-OM42662-800x267.jpg 800w, https:\/\/www.swecobelgium.be\/wp-content\/uploads\/sites\/12\/2021\/06\/droogdokT-OM42662-900x300.jpg 900w\" sizes=\"auto, (max-width: 1680px) 100vw, 1680px\" \/>\t\t<\/div>\n\n        \n                    <div class=\"col col--5 col--md--11 fwmb__content  right\">\n                                <blockquote>\n<figure><i class=\"icon icon-quote\"><\/i><\/figure>\n<p>En tant que collaborateurs, nous sommes des partenaires v\u00e9ritablement engag\u00e9s | avec lesquels il est toujours facile de faire des affaires | ensemble nous offrons l&rsquo;expertise la plus accessible<\/p><\/blockquote>\n                            <\/div>\n        \n\t<\/div>\n<\/section>\n\n<section class=\"block cb block--lightgray\" >\n\t<div class=\"block__inner cb__inner cb__inner--one\">\n\t<div class=\"col--12 col--center col--wrapper\">\n\t\t<div class=\"col col--6 editor-content\">\n\t\t\t<h1 style=\"text-align: center\">Historique<\/h1>\n<p style=\"text-align: center\">Notre histoire s\u2019articule autour de l&rsquo;avenir. Depuis toujours, nous mettons tout en \u0153uvre pour r\u00e9pondre aux besoins et aux d\u00e9fis de la soci\u00e9t\u00e9.<\/p>\n<p style=\"text-align: center\">De la r\u00e9volution industrielle \u00e0 la tendance actuelle d&rsquo;urbanisation mondiale, nous savons que les collectivit\u00e9s et les villes de demain seront toujours diff\u00e9rentes de celles d&rsquo;hier et qu&rsquo;il est de notre ressort de garder une longueur d&rsquo;avance.<\/p>\n<div class=\"buttons-wrapper buttons-wrapper--center\"><a href=\"https:\/\/www.swecobelgium.be\/fr\/nous-sommes-sweco\/historique\/\" target=\"\" class=\"btn btn__tertiary \">Lire plus<\/a><\/div>\t\t<\/div>\n\t<\/div>\n<\/div>\n<\/section>\n\n\n    <section class=\"block block--white related-content\" >\n        <div class=\"block__inner related-content__inner\">\n            <div class=\"col--11 col--wrapper col--start col--stretch col--bottom \">\n                                    <div class=\"col col--12 editor-content related-content__title\">\n                        <h3 class=\"h3 hyphenate\">Nos activit\u00e9s<\/h3>                    <\/div>\n                \n                                    <div class=\"col col--4 item item--img\">\n\n                                                    <a href=\"https:\/\/www.swecobelgium.be\/fr\/expertise\" title=\"Notre expertise\" >\n                                <div class=\"item__title\">\n                                    <p class=\"h4 hyphenate\">Notre expertise<\/p>                                    <p class=\"item__title--info\">\n                                                                                                                                                            <\/p>\n                                <\/div>\n                                <figure class=\"item__image\">\n                                    <img loading=\"lazy\" decoding=\"async\" width=\"520\" height=\"296\" src=\"https:\/\/www.swecobelgium.be\/wp-content\/uploads\/sites\/12\/2021\/05\/SWECO_TONGEREN_DEMOTTEN_HRes-6363-520x296.jpg\" class=\"attachment-insights-featured size-insights-featured\" alt=\"\" \/>                                <\/figure>\n                            <\/a>\n                        \n                                            <\/div>\n                                    <div class=\"col col--4 item item--img\">\n\n                                                    <a href=\"https:\/\/www.swecobelgium.be\/fr\/projets\/\" title=\"Projets\" >\n                                <div class=\"item__title\">\n                                    <p class=\"h4 hyphenate\">Projets<\/p>                                    <p class=\"item__title--info\">\n                                                                                                                                                            <\/p>\n                                <\/div>\n                                <figure class=\"item__image\">\n                                    <img loading=\"lazy\" decoding=\"async\" width=\"520\" height=\"296\" src=\"https:\/\/www.swecobelgium.be\/wp-content\/uploads\/sites\/12\/2021\/05\/gebouwen-cover-520x296.jpg\" class=\"attachment-insights-featured size-insights-featured\" alt=\"\" \/>                                <\/figure>\n                            <\/a>\n                        \n                                            <\/div>\n                                    <div class=\"col col--4 item item--img\">\n\n                                                    <a href=\"https:\/\/www.swecourbaninsight.com\/\" title=\"Urban Insight\" >\n                                <div class=\"item__title\">\n                                    <p class=\"h4 hyphenate\">Urban Insight<\/p>                                    <p class=\"item__title--info\">\n                                                                                                                                                            <\/p>\n                                <\/div>\n                                <figure class=\"item__image\">\n                                    <img loading=\"lazy\" decoding=\"async\" width=\"520\" height=\"296\" src=\"https:\/\/www.swecobelgium.be\/wp-content\/uploads\/sites\/12\/2021\/06\/UrbanInsight_520x296-520x296.jpg\" class=\"attachment-insights-featured size-insights-featured\" alt=\"\" srcset=\"https:\/\/www.swecobelgium.be\/wp-content\/uploads\/sites\/12\/2021\/06\/UrbanInsight_520x296.jpg 520w, https:\/\/www.swecobelgium.be\/wp-content\/uploads\/sites\/12\/2021\/06\/UrbanInsight_520x296-200x114.jpg 200w\" sizes=\"auto, (max-width: 520px) 100vw, 520px\" \/>                                <\/figure>\n                            <\/a>\n                        \n                                            <\/div>\n                                    <div class=\"col col--4 item item--img\">\n\n                                                    <a href=\"https:\/\/www.swecobelgium.be\/fr\/durabilite\/\" title=\"Durabilit\u00e9\" >\n                                <div class=\"item__title\">\n                                    <p class=\"h4 hyphenate\">Durabilit\u00e9<\/p>                                    <p class=\"item__title--info\">\n                                                                                                                                                            <\/p>\n                                <\/div>\n                                <figure class=\"item__image\">\n                                    <img loading=\"lazy\" decoding=\"async\" width=\"520\" height=\"296\" src=\"https:\/\/www.swecobelgium.be\/wp-content\/uploads\/sites\/12\/2021\/06\/SWECO_Jubileum_Mechelen_Water_HRes-0694-520x296.jpg\" class=\"attachment-insights-featured size-insights-featured\" alt=\"\" \/>                                <\/figure>\n                            <\/a>\n                        \n                                            <\/div>\n                \n                            <\/div>\n        <\/div>\n    <\/section>\n","protected":false},"excerpt":{"rendered":"","protected":false},"author":55,"featured_media":0,"parent":0,"menu_order":0,"comment_status":"closed","ping_status":"closed","template":"","meta":{"_acf_changed":false,"_seopress_robots_primary_cat":"","_seopress_titles_title":"Nous sommes Sweco","_seopress_titles_desc":"D\u00e9couvrez la vision et la mission de Sweco pour cr\u00e9er des soci\u00e9t\u00e9s durables gr\u00e2ce \u00e0 des solutions innovantes.","_seopress_robots_index":"","footnotes":""},"class_list":["post-6880","page","type-page","status-publish","hentry"],"acf":[],"_links":{"self":[{"href":"https:\/\/www.swecobelgium.be\/fr\/wp-json\/wp\/v2\/pages\/6880","targetHints":{"allow":["GET"]}}],"collection":[{"href":"https:\/\/www.swecobelgium.be\/fr\/wp-json\/wp\/v2\/pages"}],"about":[{"href":"https:\/\/www.swecobelgium.be\/fr\/wp-json\/wp\/v2\/types\/page"}],"author":[{"embeddable":true,"href":"https:\/\/www.swecobelgium.be\/fr\/wp-json\/wp\/v2\/users\/55"}],"replies":[{"embeddable":true,"href":"https:\/\/www.swecobelgium.be\/fr\/wp-json\/wp\/v2\/comments?post=6880"}],"version-history":[{"count":15,"href":"https:\/\/www.swecobelgium.be\/fr\/wp-json\/wp\/v2\/pages\/6880\/revisions"}],"predecessor-version":[{"id":43971,"href":"https:\/\/www.swecobelgium.be\/fr\/wp-json\/wp\/v2\/pages\/6880\/revisions\/43971"}],"wp:attachment":[{"href":"https:\/\/www.swecobelgium.be\/fr\/wp-json\/wp\/v2\/media?parent=6880"}],"curies":[{"name":"wp","href":"https:\/\/api.w.org\/{rel}","templated":true}]}}